{"id":496,"date":"2025-02-24T19:10:34","date_gmt":"2025-02-24T18:10:34","guid":{"rendered":"https:\/\/fondazionealtromercato.it\/?page_id=496"},"modified":"2025-02-24T19:10:55","modified_gmt":"2025-02-24T18:10:55","slug":"trasparenza","status":"publish","type":"page","link":"https:\/\/fondazionealtromercato.it\/de\/trasparenza\/","title":{"rendered":"Transparenz"},"content":{"rendered":"<h2>OFFENLEGUNGSPFLICHTEN F\u00dcR \u00d6FFENTLICHE AUSSCH\u00dcTTUNGEN. VERWEIS AUF ART. 1, CO. 125-129, GESETZ 124\/2017 (D.L. 34\/2109 UMGEWANDELT IN L.58\/2019).<\/h2>\n<p>Artikel 1, Abs\u00e4tze 124-129, des Gesetzes Nr. 124\/2017, das das Ziel verfolgt, Transparenz im System der \u00f6ffentlichen Ausgaben zu gew\u00e4hrleisten, hat bestimmte Offenlegungspflichten sowohl f\u00fcr private Einrichtungen, die dem Dritten Sektor angeh\u00f6ren, als auch f\u00fcr Unternehmen eingef\u00fchrt, die Subventionen, Beitr\u00e4ge, bezahlte Auftr\u00e4ge und wirtschaftliche Vorteile jeglicher Art von \u00f6ffentlichen Verwaltungen und Einrichtungen, die dem \u00f6ffentlichen Sektor gleichgestellt sind, erhalten.\n\n\u00dcbersetzt mit www.DeepL.com\/Translator (kostenlose Version)<br \/>\nDie Fondazione Altromercato bescheinigt, dass sie im Jahr 2024 von der \u00f6ffentlichen Verwaltung die folgenden Betr\u00e4ge zur teilweisen Deckung ihrer Kosten in Form von Beitr\u00e4gen erhalten hat:<\/p>\n<p>&nbsp;<\/p>\n<table>\n<tbody>\n<tr>\n<td width=\"138\"><strong>Erogant<\/strong><\/td>\n<td width=\"104\"><strong>\u00a0Betrag EUR<\/strong><\/td>\n<td width=\"98\"><strong>Datum der Erhebung<\/strong><\/td>\n<td width=\"293\"><strong>Grund der Versetzung<\/strong><\/td>\n<\/tr>\n<tr>\n<td width=\"138\">MINISTERO DEL LAVORO E DELLE POLITICHE SOCIALI<\/td>\n<td width=\"104\">205,62<\/td>\n<td width=\"98\">27\/12\/2024<\/td>\n<td width=\"293\">5 PER MILLE 2023<\/td>\n<\/tr>\n<tr>\n<td width=\"138\">PROVINCIA AUTONOMA DI BOLZANO<\/td>\n<td width=\"104\">69.590,50<\/td>\n<td width=\"98\">31\/10\/2024<\/td>\n<td width=\"293\">ANTICIPO CONTRIBUTO PROGETTO<\/p>\n<p>Eroi del Clima Nicaragua \u2013 Anno I<\/td>\n<\/tr>\n<\/tbody>\n<\/table>","protected":false},"excerpt":{"rendered":"<p>OBBLIGHI INFORMATIVI PER LE EROGAZIONI PUBBLICHE. RIFERIMENTO NORMATIVO ART. 1, CO. 125-129, LEGGE 124\/2017 (D.L. 34\/2109 CONVERTITO IN L.58\/2019). L\u2019articolo 1, commi 124- 129, della Legge n. 124\/2017, perseguendo la finalit\u00e0 di assicurare la trasparenza nel sistema delle erogazioni pubbliche, ha introdotto alcuni obblighi di pubblicit\u00e0 a carico sia degli enti privati facenti parte del<\/p>","protected":false},"author":1,"featured_media":463,"parent":0,"menu_order":0,"comment_status":"closed","ping_status":"closed","template":"","meta":{"_acf_changed":false,"footnotes":""},"class_list":["post-496","page","type-page","status-publish","has-post-thumbnail","hentry"],"acf":[],"_links":{"self":[{"href":"https:\/\/fondazionealtromercato.it\/de\/wp-json\/wp\/v2\/pages\/496","targetHints":{"allow":["GET"]}}],"collection":[{"href":"https:\/\/fondazionealtromercato.it\/de\/wp-json\/wp\/v2\/pages"}],"about":[{"href":"https:\/\/fondazionealtromercato.it\/de\/wp-json\/wp\/v2\/types\/page"}],"author":[{"embeddable":true,"href":"https:\/\/fondazionealtromercato.it\/de\/wp-json\/wp\/v2\/users\/1"}],"replies":[{"embeddable":true,"href":"https:\/\/fondazionealtromercato.it\/de\/wp-json\/wp\/v2\/comments?post=496"}],"version-history":[{"count":1,"href":"https:\/\/fondazionealtromercato.it\/de\/wp-json\/wp\/v2\/pages\/496\/revisions"}],"predecessor-version":[{"id":497,"href":"https:\/\/fondazionealtromercato.it\/de\/wp-json\/wp\/v2\/pages\/496\/revisions\/497"}],"wp:featuredmedia":[{"embeddable":true,"href":"https:\/\/fondazionealtromercato.it\/de\/wp-json\/wp\/v2\/media\/463"}],"wp:attachment":[{"href":"https:\/\/fondazionealtromercato.it\/de\/wp-json\/wp\/v2\/media?parent=496"}],"curies":[{"name":"wp","href":"https:\/\/api.w.org\/{rel}","templated":true}]}}